{"id":12226,"date":"2024-06-14T15:05:53","date_gmt":"2024-06-14T14:05:53","guid":{"rendered":"https:\/\/outof.argotech.digital\/?page_id=12226"},"modified":"2024-07-05T14:38:11","modified_gmt":"2024-07-05T12:38:11","slug":"user-registration","status":"publish","type":"page","link":"https:\/\/out-of.com\/de\/user-registration\/","title":{"rendered":"User Registration"},"content":{"rendered":"<style type=\"text\/css\">#user-registration-form-10821 form .user-registration-multi-part-indicator.progress .user-registration-multi-part-indicator-progress, #user-registration-form-10821 form .user-registration-multi-part-indicator.circle .user-registration-multi-part-indicator-title.active::before, #user-registration-form-10821 form .user-registration-multi-part-indicator.circle .user-registration-multi-part-indicator-title.active::after, #user-registration-form-10821 form .user-registration-multi-part-indicator.arrow .user-registration-multi-part-indicator-title.active {background-color: #000000;}#user-registration-form-10821 form .user-registration-multi-part-indicator.arrow .user-registration-multi-part-indicator-title.active::before {border-left-color: #000000;}#user-registration-form-10821 form .user-registration-multi-part-indicator.arrow .user-registration-multi-part-indicator-title.active::after {border-top-color: #000000;border-bottom-color: #000000;}<\/style>\t<div class='user-registration ur-frontend-form   ur-multipart-form' id='user-registration-form-10821'>\n\t\t\t\t\t<form method='post' class='register' data-form-id=\"10821\"\n\t\t\t\tdata-enable-strength-password=\"1\" data-minimum-password-strength=\"2\"\n\t\t\t\t\t\t\t\t\t\t\t\t\t\t\t \"enctype=\"multipart\/form-data\"\" data-captcha-enabled=\"1\" action=\"\">\n\n\t\t\t\t<div class=\"user-registration-multi-part-indicator arrow\" data-indicator=\"arrow\" data-current-part=\"1\" data-total=\"2\"><ul class=\"user-registration-multi-part--steps-list\"><li class=\"user-registration-multi-part-indicator-title active\">User data<\/li><li class=\"user-registration-multi-part-indicator-title\">Contact Information<\/li><\/ul><span class=\"user-registration-multi-part-previewer\" data-part-preview-1=\"0\" data-part-preview-2=\"false\" ><\/span><\/div><div class=\"user-registration-part user-registration-part-1\" ><div class=\"ur-form-row\">\t\t\t\t\t\t<div class=\"ur-form-grid ur-grid-1\"\n\t\t\t\t\t\t\tstyle=\"width:48%\">\n\t\t\t\t\t\t\t\t\t\t\t\t\t\t<div  data-field-id=\"billing_first_name\" class=\"ur-field-item field-billing_first_name\" data-ref-id=\"billing_first_name\">\n\t\t\t\t\t\t\t\t\t<div class=\"form-row validate-required\" id=\"billing_first_name_field\" data-priority=\"\" > <span class=\"input-wrapper\"> <input data-rules=\"\" data-id=\"billing_first_name\" type=\"text\" class=\"input-text  without_icon input-text ur-frontend-field\" name=\"billing_first_name\" id=\"billing_first_name\" placeholder=\"First name\"  value=\"\" required=\"required\" data-label=\"First Name\" \/> <\/span> <\/div>\t\t\t\t\t\t\t\t<\/div>\n\t\t\t\t\t\t\t\t\t\t\t\t\t\t<\/div>\n\t\t\t\t\t\t\t\t\t\t\t\t<div class=\"ur-form-grid ur-grid-2\"\n\t\t\t\t\t\t\tstyle=\"width:48%\">\n\t\t\t\t\t\t\t\t\t\t\t\t\t\t<div  data-field-id=\"billing_last_name\" class=\"ur-field-item field-billing_last_name\" data-ref-id=\"billing_last_name\">\n\t\t\t\t\t\t\t\t\t<div class=\"form-row\" id=\"billing_last_name_field\" data-priority=\"\" > <span class=\"input-wrapper\"> <input data-rules=\"\" data-id=\"billing_last_name\" type=\"text\" class=\"input-text  without_icon input-text ur-frontend-field\" name=\"billing_last_name\" id=\"billing_last_name\" placeholder=\"Last Name\"  value=\"\" data-label=\"Last name\" \/> <\/span> <\/div>\t\t\t\t\t\t\t\t<\/div>\n\t\t\t\t\t\t\t\t\t\t\t\t\t\t<\/div>\n\t\t\t\t\t\t\t\t\t\t\t<\/div>\n\t\t\t\t\t<\/div><div class=\"user-registration-part user-registration-part-1\" ><div class=\"ur-form-row\">\t\t\t\t\t\t<div class=\"ur-form-grid ur-grid-1\"\n\t\t\t\t\t\t\tstyle=\"width:99%\">\n\t\t\t\t\t\t\t\t\t\t\t\t\t\t<div  data-field-id=\"user_email\" class=\"ur-field-item field-user_email\" data-ref-id=\"user_email\">\n\t\t\t\t\t\t\t\t\t<div class=\"form-row validate-required\" id=\"user_email_field\" data-priority=\"\" > <span class=\"input-wrapper\"> <input data-rules=\"\" data-id=\"user_email\" type=\"email\" class=\"input-text  without_icon input-email ur-frontend-field\" name=\"user_email\" id=\"user_email\" placeholder=\"User Email\"  value=\"\" required=\"required\" data-label=\"User Email\" \/> <\/span> <\/div>\t\t\t\t\t\t\t\t<\/div>\n\t\t\t\t\t\t\t\t\t\t\t\t\t\t\t\t<div  data-field-id=\"user_pass\" class=\"ur-field-item field-user_pass\" data-ref-id=\"user_pass\">\n\t\t\t\t\t\t\t\t\t<div class=\"form-row validate-required hide_show_password\" id=\"user_pass_field\" data-priority=\"\"> <span class=\"input-wrapper\"> <span class=\"password-input-group input-form-field-icons\"><input data-rules=\"\" data-id=\"user_pass\" type=\"password\" class=\"input-text without_icon input-password ur-frontend-field\" name=\"user_pass\" id=\"user_pass\" placeholder=\"Password\"  value=\"\" required=\"required\" data-label=\"Password\" \/><\/span> <\/span> <\/div>\t\t\t\t\t\t\t\t<\/div>\n\t\t\t\t\t\t\t\t\t\t\t\t\t\t\t\t<div  data-field-id=\"user_confirm_password\" class=\"ur-field-item field-user_confirm_password\" data-ref-id=\"user_confirm_password\">\n\t\t\t\t\t\t\t\t\t<div class=\"form-row validate-required hide_show_password\" id=\"user_confirm_password_field\" data-priority=\"\"> <span class=\"input-wrapper\"> <span class=\"password-input-group input-form-field-icons\"><input data-rules=\"\" data-id=\"user_confirm_password\" type=\"password\" class=\"input-text without_icon input-password ur-frontend-field\" name=\"user_confirm_password\" id=\"user_confirm_password\" placeholder=\"Confirm Password\"  value=\"\" required=\"required\" data-label=\"Confirm Password\" \/><\/span> <\/span> <\/div>\t\t\t\t\t\t\t\t<\/div>\n\t\t\t\t\t\t\t\t\t\t\t\t\t\t<\/div>\n\t\t\t\t\t\t\t\t\t\t\t<\/div>\n\t\t\t\t\t<\/div><div class=\"user-registration-part user-registration-part-2\" style=\"display:none;\"><div class=\"ur-form-row\">\t\t\t\t\t\t<div class=\"ur-form-grid ur-grid-1\"\n\t\t\t\t\t\t\tstyle=\"width:99%\">\n\t\t\t\t\t\t\t\t\t\t\t\t\t\t<div  data-field-id=\"section_title_1717616827\" class=\"ur-field-item field-section_title\" data-ref-id=\"section_title_1717616827\">\n\t\t\t\t\t\t\t\t\t<h3 id=\"section_title_1717616827\">Contact Information<\/h3> <input type=\"hidden\" data-rules=\"\" data-id=\"section_title_1717616827\" value=\"\" class=\"ur-frontend-field\" name=\"section_title_1717616827\" id=\"section_title_1717616827\" \/> \t\t\t\t\t\t\t\t<\/div>\n\t\t\t\t\t\t\t\t\t\t\t\t\t\t\t\t<div  data-field-id=\"input_box_1717615790\" class=\"ur-field-item field-text\" data-ref-id=\"input_box_1717615790\">\n\t\t\t\t\t\t\t\t\t<div class=\"form-row\" id=\"input_box_1717615790_field\" data-priority=\"\" > <span class=\"input-wrapper\"> <input data-rules=\"\" data-id=\"input_box_1717615790\" type=\"text\" class=\"input-text  without_icon input-text ur-frontend-field\" name=\"input_box_1717615790\" id=\"input_box_1717615790\" placeholder=\"Fiscal code\"  value=\"\" data-label=\"Fiscal code\" \/> <\/span> <\/div>\t\t\t\t\t\t\t\t<\/div>\n\t\t\t\t\t\t\t\t\t\t\t\t\t\t\t\t<div  data-field-id=\"billing_phone\" class=\"ur-field-item field-billing_phone\" data-ref-id=\"billing_phone\">\n\t\t\t\t\t\t\t\t\t<div class=\"form-row\" id=\"billing_phone\" data-priority=\"\"> <input data-rules=\"\" data-inputmask=\"'mask':''\" data-id=\"billing_phone\" type=\"text\" value=\"\" class=\"ur-frontend-field  ur-masked-input\" name=\"billing_phone\" id=\"billing_phone\" data-label=\"Phone\"\/> <\/div>\t\t\t\t\t\t\t\t<\/div>\n\t\t\t\t\t\t\t\t\t\t\t\t\t\t\t\t<div  data-field-id=\"input_fax\" class=\"ur-field-item field-text\" data-ref-id=\"input_fax\">\n\t\t\t\t\t\t\t\t\t<div class=\"form-row\" id=\"input_fax_field\" data-priority=\"\" > <span class=\"input-wrapper\"> <input data-rules=\"\" data-id=\"input_fax\" type=\"text\" class=\"input-text  without_icon input-text ur-frontend-field\" name=\"input_fax\" id=\"input_fax\" placeholder=\"Fax\"  value=\"\" data-label=\"Fax\" \/> <\/span> <\/div>\t\t\t\t\t\t\t\t<\/div>\n\t\t\t\t\t\t\t\t\t\t\t\t\t\t\t\t<div  data-field-id=\"section_title_1717616773\" class=\"ur-field-item field-section_title\" data-ref-id=\"section_title_1717616773\">\n\t\t\t\t\t\t\t\t\t<h3 id=\"section_title_1717616773\">Adresse<\/h3> <input type=\"hidden\" data-rules=\"\" data-id=\"section_title_1717616773\" value=\"\" class=\"ur-frontend-field\" name=\"section_title_1717616773\" id=\"section_title_1717616773\" \/> \t\t\t\t\t\t\t\t<\/div>\n\t\t\t\t\t\t\t\t\t\t\t\t\t\t\t\t<div  data-field-id=\"billing_company\" class=\"ur-field-item field-billing_company\" data-ref-id=\"billing_company\">\n\t\t\t\t\t\t\t\t\t<div class=\"form-row\" id=\"billing_company_field\" data-priority=\"\" > <span class=\"input-wrapper\"> <input data-rules=\"\" data-id=\"billing_company\" type=\"text\" class=\"input-text  without_icon input-text ur-frontend-field\" name=\"billing_company\" id=\"billing_company\" placeholder=\"Company\"  value=\"\" data-label=\"Company\" \/> <\/span> <\/div>\t\t\t\t\t\t\t\t<\/div>\n\t\t\t\t\t\t\t\t\t\t\t\t\t\t\t\t<div  data-field-id=\"billing_address_1\" class=\"ur-field-item field-billing_address_1\" data-ref-id=\"billing_address_1\">\n\t\t\t\t\t\t\t\t\t<div class=\"form-row\" id=\"billing_address_1_field\" data-priority=\"\" > <span class=\"input-wrapper\"> <input data-rules=\"\" data-id=\"billing_address_1\" type=\"text\" class=\"input-text  without_icon input-text ur-frontend-field\" name=\"billing_address_1\" id=\"billing_address_1\" placeholder=\"Adresse\"  value=\"\" data-label=\"Address\" \/> <\/span> <\/div>\t\t\t\t\t\t\t\t<\/div>\n\t\t\t\t\t\t\t\t\t\t\t\t\t\t\t\t<div  data-field-id=\"billing_postcode\" class=\"ur-field-item field-billing_postcode\" data-ref-id=\"billing_postcode\">\n\t\t\t\t\t\t\t\t\t<div class=\"form-row\" id=\"billing_postcode_field\" data-priority=\"\" > <span class=\"input-wrapper\"> <input data-rules=\"\" data-id=\"billing_postcode\" type=\"text\" class=\"input-text  without_icon input-text ur-frontend-field\" name=\"billing_postcode\" id=\"billing_postcode\" placeholder=\"Post code\"  value=\"\" data-label=\"Post code\" \/> <\/span> <\/div>\t\t\t\t\t\t\t\t<\/div>\n\t\t\t\t\t\t\t\t\t\t\t\t\t\t\t\t<div  data-field-id=\"billing_city\" class=\"ur-field-item field-billing_city\" data-ref-id=\"billing_city\">\n\t\t\t\t\t\t\t\t\t<div class=\"form-row\" id=\"billing_city_field\" data-priority=\"\" > <span class=\"input-wrapper\"> <input data-rules=\"\" data-id=\"billing_city\" type=\"text\" class=\"input-text  without_icon input-text ur-frontend-field\" name=\"billing_city\" id=\"billing_city\" placeholder=\"City\"  value=\"\" data-label=\"City\" \/> <\/span> <\/div>\t\t\t\t\t\t\t\t<\/div>\n\t\t\t\t\t\t\t\t\t\t\t\t\t\t\t\t<div  data-field-id=\"billing_country\" class=\"ur-field-item field-billing_country\" data-ref-id=\"billing_country\">\n\t\t\t\t\t\t\t\t\t<div class=\"form-row\" id=\"billing_country_field\" data-priority=\"\" ><select data-rules=\"\" data-id=\"billing_country\" name=\"billing_country\" id=\"billing_country\" class=\"select ur-frontend-field\" data-label=\"Country\" data-default=\"AF\" data-allow_clear=\"true\" data-placeholder=\"\">\n\t\t\t\t\t\t\t<option value=\"AF\"  selected='selected'>Afghanistan<\/option><option value=\"AX\" >&#197;land Islands<\/option><option value=\"AL\" >Albania<\/option><option value=\"DZ\" >Algeria<\/option><option value=\"AS\" >American Samoa<\/option><option value=\"AD\" >Andorra<\/option><option value=\"AO\" >Angola<\/option><option value=\"AI\" >Anguilla<\/option><option value=\"AQ\" >Antarctica<\/option><option value=\"AG\" >Antigua and Barbuda<\/option><option value=\"AR\" >Argentina<\/option><option value=\"AM\" >Armenia<\/option><option value=\"AW\" >Aruba<\/option><option value=\"AU\" >Australia<\/option><option value=\"AT\" >Austria<\/option><option value=\"AZ\" >Azerbaijan<\/option><option value=\"BS\" >Bahamas<\/option><option value=\"BH\" >Bahrain<\/option><option value=\"BD\" >Bangladesh<\/option><option value=\"BB\" >Barbados<\/option><option value=\"BY\" >Belarus<\/option><option value=\"BE\" >Belgium<\/option><option value=\"PW\" >Belau<\/option><option value=\"BZ\" >Belize<\/option><option value=\"BJ\" >Benin<\/option><option value=\"BM\" >Bermuda<\/option><option value=\"BT\" >Bhutan<\/option><option value=\"BO\" >Bolivia<\/option><option value=\"BQ\" >Bonaire, Saint Eustatius and Saba<\/option><option value=\"BA\" >Bosnia and Herzegovina<\/option><option value=\"BW\" >Botswana<\/option><option value=\"BV\" >Bouvet Island<\/option><option value=\"BR\" >Brazil<\/option><option value=\"IO\" >British Indian Ocean Territory<\/option><option value=\"VG\" >British Virgin Islands<\/option><option value=\"BN\" >Brunei<\/option><option value=\"BG\" >Bulgaria<\/option><option value=\"BF\" >Burkina Faso<\/option><option value=\"BI\" >Burundi<\/option><option value=\"KH\" >Cambodia<\/option><option value=\"CM\" >Cameroon<\/option><option value=\"CA\" >Canada<\/option><option value=\"CV\" >Cape Verde<\/option><option value=\"KY\" >Cayman Islands<\/option><option value=\"CF\" >Central African Republic<\/option><option value=\"TD\" >Chad<\/option><option value=\"CL\" >Chile<\/option><option value=\"CN\" >China<\/option><option value=\"CX\" >Christmas Island<\/option><option value=\"CC\" >Cocos (Keeling) Islands<\/option><option value=\"CO\" >Colombia<\/option><option value=\"KM\" >Comoros<\/option><option value=\"CG\" >Congo (Brazzaville)<\/option><option value=\"CD\" >Congo (Kinshasa)<\/option><option value=\"CK\" >Cook Islands<\/option><option value=\"CR\" >Costa Rica<\/option><option value=\"HR\" >Croatia<\/option><option value=\"CU\" >Cuba<\/option><option value=\"CW\" >Cura&ccedil;ao<\/option><option value=\"CY\" >Cyprus<\/option><option value=\"CZ\" >Czech Republic<\/option><option value=\"DK\" >Denmark<\/option><option value=\"DJ\" >Djibouti<\/option><option value=\"DM\" >Dominica<\/option><option value=\"DO\" >Dominican Republic<\/option><option value=\"EC\" >Ecuador<\/option><option value=\"EG\" >Egypt<\/option><option value=\"SV\" >El Salvador<\/option><option value=\"GQ\" >Equatorial Guinea<\/option><option value=\"ER\" >Eritrea<\/option><option value=\"EE\" >Estonia<\/option><option value=\"ET\" >Ethiopia<\/option><option value=\"FK\" >Falkland Islands<\/option><option value=\"FO\" >Faroe Islands<\/option><option value=\"FJ\" >Fiji<\/option><option value=\"FI\" >Finland<\/option><option value=\"FR\" >France<\/option><option value=\"GF\" >French Guiana<\/option><option value=\"PF\" >French Polynesia<\/option><option value=\"TF\" >French Southern Territories<\/option><option value=\"GA\" >Gabon<\/option><option value=\"GM\" >Gambia<\/option><option value=\"GE\" >Georgia<\/option><option value=\"DE\" >Germany<\/option><option value=\"GH\" >Ghana<\/option><option value=\"GI\" >Gibraltar<\/option><option value=\"GR\" >Greece<\/option><option value=\"GL\" >Greenland<\/option><option value=\"GD\" >Grenada<\/option><option value=\"GP\" >Guadeloupe<\/option><option value=\"GU\" >Guam<\/option><option value=\"GT\" >Guatemala<\/option><option value=\"GG\" >Guernsey<\/option><option value=\"GN\" >Guinea<\/option><option value=\"GW\" >Guinea-Bissau<\/option><option value=\"GY\" >Guyana<\/option><option value=\"HT\" >Haiti<\/option><option value=\"HM\" >Heard Island and McDonald Islands<\/option><option value=\"HN\" >Honduras<\/option><option value=\"HK\" >Hong Kong<\/option><option value=\"HU\" >Hungary<\/option><option value=\"IS\" >Iceland<\/option><option value=\"IN\" >India<\/option><option value=\"ID\" >Indonesia<\/option><option value=\"IR\" >Iran<\/option><option value=\"IQ\" >Iraq<\/option><option value=\"IE\" >Ireland<\/option><option value=\"IM\" >Isle of Man<\/option><option value=\"IL\" >Israel<\/option><option value=\"IT\" >Italien<\/option><option value=\"CI\" >Ivory Coast<\/option><option value=\"JM\" >Jamaica<\/option><option value=\"JP\" >Japan<\/option><option value=\"JE\" >Jersey<\/option><option value=\"JO\" >Jordan<\/option><option value=\"KZ\" >Kazakhstan<\/option><option value=\"KE\" >Kenya<\/option><option value=\"KI\" >Kiribati<\/option><option value=\"KW\" >Kuwait<\/option><option value=\"KG\" >Kyrgyzstan<\/option><option value=\"LA\" >Laos<\/option><option value=\"LV\" >Latvia<\/option><option value=\"LB\" >Lebanon<\/option><option value=\"LS\" >Lesotho<\/option><option value=\"LR\" >Liberia<\/option><option value=\"LY\" >Libya<\/option><option value=\"LI\" >Liechtenstein<\/option><option value=\"LT\" >Lithuania<\/option><option value=\"LU\" >Luxembourg<\/option><option value=\"MO\" >Macao S.A.R., China<\/option><option value=\"MK\" >Macedonia<\/option><option value=\"MG\" >Madagascar<\/option><option value=\"MW\" >Malawi<\/option><option value=\"MY\" >Malaysia<\/option><option value=\"MV\" >Maldives<\/option><option value=\"ML\" >Mali<\/option><option value=\"MT\" >Malta<\/option><option value=\"MH\" >Marshall Islands<\/option><option value=\"MQ\" >Martinique<\/option><option value=\"MR\" >Mauritania<\/option><option value=\"MU\" >Mauritius<\/option><option value=\"YT\" >Mayotte<\/option><option value=\"MX\" >Mexico<\/option><option value=\"FM\" >Micronesia<\/option><option value=\"MD\" >Moldova<\/option><option value=\"MC\" >Monaco<\/option><option value=\"MN\" >Mongolia<\/option><option value=\"ME\" >Montenegro<\/option><option value=\"MS\" >Montserrat<\/option><option value=\"MA\" >Morocco<\/option><option value=\"MZ\" >Mozambique<\/option><option value=\"MM\" >Myanmar<\/option><option value=\"NA\" >Namibia<\/option><option value=\"NR\" >Nauru<\/option><option value=\"NP\" >Nepal<\/option><option value=\"NL\" >Netherlands<\/option><option value=\"NC\" >New Caledonia<\/option><option value=\"NZ\" >New Zealand<\/option><option value=\"NI\" >Nicaragua<\/option><option value=\"NE\" >Niger<\/option><option value=\"NG\" >Nigeria<\/option><option value=\"NU\" >Niue<\/option><option value=\"NF\" >Norfolk Island<\/option><option value=\"MP\" >Northern Mariana Islands<\/option><option value=\"KP\" >North Korea<\/option><option value=\"NO\" >Norway<\/option><option value=\"OM\" >Oman<\/option><option value=\"PK\" >Pakistan<\/option><option value=\"PS\" >Palestinian Territory<\/option><option value=\"PA\" >Panama<\/option><option value=\"PG\" >Papua New Guinea<\/option><option value=\"PY\" >Paraguay<\/option><option value=\"PE\" >Peru<\/option><option value=\"PH\" >Philippines<\/option><option value=\"PN\" >Pitcairn<\/option><option value=\"PL\" >Poland<\/option><option value=\"PT\" >Portugal<\/option><option value=\"PR\" >Puerto Rico<\/option><option value=\"QA\" >Qatar<\/option><option value=\"RE\" >Reunion<\/option><option value=\"RO\" >Romania<\/option><option value=\"RU\" >Russia<\/option><option value=\"RW\" >Rwanda<\/option><option value=\"BL\" >St. Barth\u00e9lemy<\/option><option value=\"SH\" >Saint Helena<\/option><option value=\"KN\" >Saint Kitts and Nevis<\/option><option value=\"LC\" >Saint Lucia<\/option><option value=\"MF\" >Saint Martin (French part)<\/option><option value=\"SX\" >Saint Martin (Dutch part)<\/option><option value=\"PM\" >Saint Pierre and Miquelon<\/option><option value=\"VC\" >Saint Vincent and the Grenadines<\/option><option value=\"SM\" >San Marino<\/option><option value=\"ST\" >S\u00e3o Tom\u00e9 und Pr\u00edncipe<\/option><option value=\"SA\" >Saudi Arabia<\/option><option value=\"SN\" >Senegal<\/option><option value=\"RS\" >Serbia<\/option><option value=\"SC\" >Seychelles<\/option><option value=\"SL\" >Sierra Leone<\/option><option value=\"SG\" >Singapore<\/option><option value=\"SK\" >Slovakia<\/option><option value=\"SI\" >Slovenia<\/option><option value=\"SB\" >Solomon Islands<\/option><option value=\"SO\" >Somalia<\/option><option value=\"ZA\" >South Africa<\/option><option value=\"GS\" >South Georgia\/Sandwich Islands<\/option><option value=\"KR\" >South Korea<\/option><option value=\"SS\" >South Sudan<\/option><option value=\"ES\" >Spain<\/option><option value=\"LK\" >Sri Lanka<\/option><option value=\"SD\" >Sudan<\/option><option value=\"SR\" >Suriname<\/option><option value=\"SJ\" >Svalbard and Jan Mayen<\/option><option value=\"SZ\" >Swaziland<\/option><option value=\"SE\" >Sweden<\/option><option value=\"CH\" >Switzerland<\/option><option value=\"SY\" >Syria<\/option><option value=\"TW\" >Taiwan<\/option><option value=\"TJ\" >Tajikistan<\/option><option value=\"TZ\" >Tanzania<\/option><option value=\"TH\" >Thailand<\/option><option value=\"TL\" >Timor-Leste<\/option><option value=\"TG\" >Togo<\/option><option value=\"TK\" >Tokelau<\/option><option value=\"TO\" >Tonga<\/option><option value=\"TT\" >Trinidad and Tobago<\/option><option value=\"TN\" >Tunisia<\/option><option value=\"TR\" >Turkey<\/option><option value=\"TM\" >Turkmenistan<\/option><option value=\"TC\" >Turks and Caicos Islands<\/option><option value=\"TV\" >Tuvalu<\/option><option value=\"UG\" >Uganda<\/option><option value=\"UA\" >Ukraine<\/option><option value=\"AE\" >United Arab Emirates<\/option><option value=\"GB\" >United Kingdom (UK)<\/option><option value=\"US\" >United States (US)<\/option><option value=\"UM\" >Vereinigte Staaten (US) Minor Outlying Islands<\/option><option value=\"VI\" >United States (US) Virgin Islands<\/option><option value=\"UY\" >Uruguay<\/option><option value=\"UZ\" >Uzbekistan<\/option><option value=\"VU\" >Vanuatu<\/option><option value=\"VA\" >Vatican<\/option><option value=\"VE\" >Venezuela<\/option><option value=\"VN\" >Vietnam<\/option><option value=\"WF\" >Wallis and Futuna<\/option><option value=\"EH\" >Western Sahara<\/option><option value=\"WS\" >Samoa<\/option><option value=\"YE\" >Yemen<\/option><option value=\"ZM\" >Zambia<\/option><option value=\"ZW\" >Zimbabwe<\/option>\n\t\t\t\t\t\t<\/select><\/div>\t\t\t\t\t\t\t\t<\/div>\n\t\t\t\t\t\t\t\t\t\t\t\t\t\t\t\t<div  data-field-id=\"billing_state\" class=\"ur-field-item field-billing_state\" data-ref-id=\"billing_state\">\n\t\t\t\t\t\t\t\t\t<div class=\"form-row\" id=\"billing_state_field\" data-priority=\"\" > <span class=\"input-wrapper\"> <input data-rules=\"\" data-id=\"billing_state\" type=\"text\" class=\"input-text  without_icon input-text ur-frontend-field\" name=\"billing_state\" id=\"billing_state\" placeholder=\"Region \/ state\"  value=\"\" data-label=\"Region \/ state\" \/> <\/span> <\/div>\t\t\t\t\t\t\t\t<\/div>\n\t\t\t\t\t\t\t\t\t\t\t\t\t\t\t\t<div  data-field-id=\"section_title_1717617491\" class=\"ur-field-item field-section_title\" data-ref-id=\"section_title_1717617491\">\n\t\t\t\t\t\t\t\t\t<h3 id=\"section_title_1717617491\">Newsletter<\/h3> <input type=\"hidden\" data-rules=\"\" data-id=\"section_title_1717617491\" value=\"\" class=\"ur-frontend-field\" name=\"section_title_1717617491\" id=\"section_title_1717617491\" \/> \t\t\t\t\t\t\t\t<\/div>\n\t\t\t\t\t\t\t\t\t\t\t\t\t\t\t\t<div  data-field-id=\"check_box_1717617683\" class=\"ur-field-item field-checkbox\" data-ref-id=\"check_box_1717617683\">\n\t\t\t\t\t\t\t\t\t<div class=\"form-row\" id=\"check_box_1717617683_field\" data-priority=\"\" ><label class=\"ur-label\" data-label=\"Iscrizione newsletter\"><\/label><ul ><li class=\"ur-checkbox-list\"><input data-rules=\"\" data-id=\"check_box_1717617683[]\" data-label=\"Iscrizione newsletter\" data-value=\"Yes\" type=\"checkbox\" class=\"input-checkbox ur-frontend-field\" name=\"check_box_1717617683[]\" id=\"check_box_1717617683_Yes\" value=\"Yes\" \/><label class=\"ur-checkbox-label\" for=\"check_box_1717617683_Yes\">Yes<\/label> <\/li><li class=\"ur-checkbox-list\"><input data-rules=\"\" data-id=\"check_box_1717617683[]\" data-label=\"Iscrizione newsletter\" data-value=\"No\" type=\"checkbox\" class=\"input-checkbox ur-frontend-field\" name=\"check_box_1717617683[]\" id=\"check_box_1717617683_No\" value=\"No\" \/><label class=\"ur-checkbox-label\" for=\"check_box_1717617683_No\">No<\/label> <\/li><\/ul><\/div>\t\t\t\t\t\t\t\t<\/div>\n\t\t\t\t\t\t\t\t\t\t\t\t\t\t<\/div>\n\t\t\t\t\t\t\t\t\t\t\t<\/div>\n\t\t\t\t\t<\/div>\t\t\t\t\t\t<div id=\"ur-recaptcha-node\"> <div id=\"node_recaptcha_register\" class=\"g-recaptcha-v3\" style=\"display:none\"><textarea id=\"g-recaptcha-response\" name=\"g-recaptcha-response\" ><\/textarea><\/div><\/div>\t\t\t\t\t\t<div class=\"ur-button-container split\" >\n\t\t\t\t\t\t\t<button class=\"user-registration-multi-part-nav user-registration-multi-part-nav-prev btn button\" data-action=\"prev\"  data-label-part-1=\"Previous\" data-label-part-2=\"Previous\" style=\"display:none\">Previous<\/button><button class=\"user-registration-multi-part-nav user-registration-multi-part-nav-next btn button\" data-action=\"next\"  data-label-part-1=\"Continue\" data-label-part-2=\"Next\">Continue<\/button>\t\t\t\t\t\t\t<button type=\"submit\" class=\"btn button ur-submit-button ur-hidden\" conditional_rules=\"&quot;&quot;\">\n\t\t\t\t\t\t\t\t<span><\/span>\n\t\t\t\t\t\t\t\tSubmit\t\t\t\t\t\t\t<\/button>\n\t\t\t\t\t\t\t\t\t\t\t\t\t\t\t\t\t\t\t\t<\/div>\n\t\t\t\t\t\t\n\t\t\t\t<div style=\"clear:both\"><\/div>\n\t\t\t\t\t\t\t\t<input type=\"hidden\" name=\"ur-registration-language\" value=\"\"\/>\n\t\t\t\t<input type=\"hidden\" name=\"ur-user-form-id\" value=\"10821\"\/>\n\t\t\t\t<input type=\"hidden\" name=\"ur-redirect-url\" value=\"https:\/\/out-of.com\/de\/my-account\/\"\/>\n\t\t\t\t<input type=\"hidden\" id=\"ur_frontend_form_nonce\" name=\"ur_frontend_form_nonce\" value=\"a19d6e2e30\" \/>\n\t\t\t\t\t\t\t<input type=\"hidden\" name=\"trp-form-language\" value=\"de\"\/><\/form>\n\t\t\t\n\t\t<div style=\"clear:both\"><\/div>\n\t<\/div>","protected":false},"excerpt":{"rendered":"","protected":false},"author":4,"featured_media":0,"parent":0,"menu_order":0,"comment_status":"closed","ping_status":"closed","template":"","meta":{"footnotes":""},"class_list":["post-12226","page","type-page","status-publish","hentry"],"acf":[],"_links":{"self":[{"href":"https:\/\/out-of.com\/de\/wp-json\/wp\/v2\/pages\/12226","targetHints":{"allow":["GET"]}}],"collection":[{"href":"https:\/\/out-of.com\/de\/wp-json\/wp\/v2\/pages"}],"about":[{"href":"https:\/\/out-of.com\/de\/wp-json\/wp\/v2\/types\/page"}],"author":[{"embeddable":true,"href":"https:\/\/out-of.com\/de\/wp-json\/wp\/v2\/users\/4"}],"replies":[{"embeddable":true,"href":"https:\/\/out-of.com\/de\/wp-json\/wp\/v2\/comments?post=12226"}],"version-history":[{"count":0,"href":"https:\/\/out-of.com\/de\/wp-json\/wp\/v2\/pages\/12226\/revisions"}],"wp:attachment":[{"href":"https:\/\/out-of.com\/de\/wp-json\/wp\/v2\/media?parent=12226"}],"curies":[{"name":"wp","href":"https:\/\/api.w.org\/{rel}","templated":true}]}}