{"id":41721,"date":"2024-09-16T16:02:58","date_gmt":"2024-09-16T14:02:58","guid":{"rendered":"https:\/\/out-of.com\/?post_type=product&#038;p=41721"},"modified":"2026-04-08T18:35:50","modified_gmt":"2026-04-08T16:35:50","slug":"inner-frame","status":"publish","type":"product","link":"https:\/\/out-of.com\/de\/product\/inner-frame\/","title":{"rendered":"Innerer Rahmen"},"content":{"rendered":"<p>Ersatz-Innenrahmen und Schaumstoff f\u00fcr Modell Open. So kannst du deine Schutzbrille weiterhin mit gr\u00f6\u00dftm\u00f6glichem Komfort verwenden<\/p>","protected":false},"excerpt":{"rendered":"<p>Ersatz-Innenrahmen und Schaumstoff f\u00fcr Modell Open. So kannst du deine Schutzbrille weiterhin mit gr\u00f6\u00dftm\u00f6glichem Komfort verwenden<\/p>","protected":false},"featured_media":41724,"template":"","meta":[],"product_brand":[],"product_cat":[28,142],"product_tag":[],"class_list":{"0":"product-swiper-slide","1":"post-41721","2":"product","3":"type-product","4":"status-publish","5":"has-post-thumbnail","7":"product_cat-goggles","8":"product_cat-lenses-and-spare-parts-snow","10":"first","11":"instock","12":"taxable","13":"shipping-taxable","14":"purchasable","15":"product-type-variable","16":"has-default-attributes"},"acf":[],"_links":{"self":[{"href":"https:\/\/out-of.com\/de\/wp-json\/wp\/v2\/product\/41721","targetHints":{"allow":["GET"]}}],"collection":[{"href":"https:\/\/out-of.com\/de\/wp-json\/wp\/v2\/product"}],"about":[{"href":"https:\/\/out-of.com\/de\/wp-json\/wp\/v2\/types\/product"}],"wp:featuredmedia":[{"embeddable":true,"href":"https:\/\/out-of.com\/de\/wp-json\/wp\/v2\/media\/41724"}],"wp:attachment":[{"href":"https:\/\/out-of.com\/de\/wp-json\/wp\/v2\/media?parent=41721"}],"wp:term":[{"taxonomy":"product_brand","embeddable":true,"href":"https:\/\/out-of.com\/de\/wp-json\/wp\/v2\/product_brand?post=41721"},{"taxonomy":"product_cat","embeddable":true,"href":"https:\/\/out-of.com\/de\/wp-json\/wp\/v2\/product_cat?post=41721"},{"taxonomy":"product_tag","embeddable":true,"href":"https:\/\/out-of.com\/de\/wp-json\/wp\/v2\/product_tag?post=41721"}],"curies":[{"name":"wp","href":"https:\/\/api.w.org\/{rel}","templated":true}]}}