{"id":126742,"date":"2025-08-07T09:58:42","date_gmt":"2025-08-07T07:58:42","guid":{"rendered":"https:\/\/out-of.com\/?post_type=product&#038;p=126742"},"modified":"2026-03-24T16:59:56","modified_gmt":"2026-03-24T14:59:56","slug":"temples","status":"publish","type":"product","link":"https:\/\/out-of.com\/es\/product\/temples\/","title":{"rendered":"Patillas"},"content":{"rendered":"<p>Las patillas Adapta garantizan un ajuste perfecto y totalmente personalizable. Adem\u00e1s, la terminaci\u00f3n de silicona ofrece un agarre incre\u00edble incluso en las salidas m\u00e1s sudorosas.<br \/>\n<\/br><span style=\"color: red; font-size: 12px;\">Compatible with latest versions of Bot 3, Piuma and Rams (with size on the temples)<\/span><\/p>","protected":false},"excerpt":{"rendered":"<p>Las patillas Adapta garantizan un ajuste perfecto y totalmente personalizable. Adem\u00e1s, la terminaci\u00f3n de silicona ofrece un agarre incre\u00edble incluso en las salidas m\u00e1s sudorosas.<br \/>\n<\/br><span style=\"color: red; font-size: 12px;\">Compatible with latest versions of Bot 3, Piuma and Rams (with size on the temples)<\/span><\/p>","protected":false},"featured_media":126782,"template":"","meta":[],"product_brand":[],"product_cat":[132,27],"product_tag":[],"class_list":{"0":"product-swiper-slide","1":"post-126742","2":"product","3":"type-product","4":"status-publish","5":"has-post-thumbnail","7":"product_cat-lenses-and-spare-parts","8":"product_cat-sunglasses","10":"first","11":"instock","12":"taxable","13":"shipping-taxable","14":"purchasable","15":"product-type-variable","16":"has-default-attributes"},"acf":[],"_links":{"self":[{"href":"https:\/\/out-of.com\/es\/wp-json\/wp\/v2\/product\/126742","targetHints":{"allow":["GET"]}}],"collection":[{"href":"https:\/\/out-of.com\/es\/wp-json\/wp\/v2\/product"}],"about":[{"href":"https:\/\/out-of.com\/es\/wp-json\/wp\/v2\/types\/product"}],"wp:featuredmedia":[{"embeddable":true,"href":"https:\/\/out-of.com\/es\/wp-json\/wp\/v2\/media\/126782"}],"wp:attachment":[{"href":"https:\/\/out-of.com\/es\/wp-json\/wp\/v2\/media?parent=126742"}],"wp:term":[{"taxonomy":"product_brand","embeddable":true,"href":"https:\/\/out-of.com\/es\/wp-json\/wp\/v2\/product_brand?post=126742"},{"taxonomy":"product_cat","embeddable":true,"href":"https:\/\/out-of.com\/es\/wp-json\/wp\/v2\/product_cat?post=126742"},{"taxonomy":"product_tag","embeddable":true,"href":"https:\/\/out-of.com\/es\/wp-json\/wp\/v2\/product_tag?post=126742"}],"curies":[{"name":"wp","href":"https:\/\/api.w.org\/{rel}","templated":true}]}}