{"id":163851,"date":"2025-12-11T10:47:00","date_gmt":"2025-12-11T08:47:00","guid":{"rendered":"https:\/\/out-of.com\/?post_type=product&#038;p=163851"},"modified":"2026-03-24T09:44:58","modified_gmt":"2026-03-24T07:44:58","slug":"bearcoat","status":"publish","type":"product","link":"https:\/\/out-of.com\/es\/product\/bearcoat\/","title":{"rendered":"Bearcoat"},"content":{"rendered":"<p>C\u00e1lido y c\u00f3modo, perfecto despu\u00e9s de un d\u00eda en las pistas<\/p>","protected":false},"excerpt":{"rendered":"<p>C\u00e1lido y c\u00f3modo, perfecto despu\u00e9s de un d\u00eda en las pistas<\/p>","protected":false},"featured_media":164267,"template":"","meta":[],"product_brand":[],"product_cat":[2715],"product_tag":[],"class_list":{"0":"product-swiper-slide","1":"post-163851","2":"product","3":"type-product","4":"status-publish","5":"has-post-thumbnail","7":"product_cat-apparel","9":"first","10":"instock","11":"taxable","12":"shipping-taxable","13":"purchasable","14":"product-type-variable","15":"has-default-attributes"},"acf":[],"_links":{"self":[{"href":"https:\/\/out-of.com\/es\/wp-json\/wp\/v2\/product\/163851","targetHints":{"allow":["GET"]}}],"collection":[{"href":"https:\/\/out-of.com\/es\/wp-json\/wp\/v2\/product"}],"about":[{"href":"https:\/\/out-of.com\/es\/wp-json\/wp\/v2\/types\/product"}],"wp:featuredmedia":[{"embeddable":true,"href":"https:\/\/out-of.com\/es\/wp-json\/wp\/v2\/media\/164267"}],"wp:attachment":[{"href":"https:\/\/out-of.com\/es\/wp-json\/wp\/v2\/media?parent=163851"}],"wp:term":[{"taxonomy":"product_brand","embeddable":true,"href":"https:\/\/out-of.com\/es\/wp-json\/wp\/v2\/product_brand?post=163851"},{"taxonomy":"product_cat","embeddable":true,"href":"https:\/\/out-of.com\/es\/wp-json\/wp\/v2\/product_cat?post=163851"},{"taxonomy":"product_tag","embeddable":true,"href":"https:\/\/out-of.com\/es\/wp-json\/wp\/v2\/product_tag?post=163851"}],"curies":[{"name":"wp","href":"https:\/\/api.w.org\/{rel}","templated":true}]}}