{"id":12226,"date":"2024-06-14T15:05:53","date_gmt":"2024-06-14T14:05:53","guid":{"rendered":"https:\/\/outof.argotech.digital\/?page_id=12226"},"modified":"2024-07-05T14:38:11","modified_gmt":"2024-07-05T12:38:11","slug":"user-registration","status":"publish","type":"page","link":"https:\/\/out-of.com\/fr\/user-registration\/","title":{"rendered":"User Registration"},"content":{"rendered":"<style type=\"text\/css\">#user-registration-form-10821 form .user-registration-multi-part-indicator.progress .user-registration-multi-part-indicator-progress, #user-registration-form-10821 form .user-registration-multi-part-indicator.circle .user-registration-multi-part-indicator-title.active::before, #user-registration-form-10821 form .user-registration-multi-part-indicator.circle .user-registration-multi-part-indicator-title.active::after, #user-registration-form-10821 form .user-registration-multi-part-indicator.arrow .user-registration-multi-part-indicator-title.active {background-color: #000000;}#user-registration-form-10821 form .user-registration-multi-part-indicator.arrow .user-registration-multi-part-indicator-title.active::before {border-left-color: #000000;}#user-registration-form-10821 form .user-registration-multi-part-indicator.arrow .user-registration-multi-part-indicator-title.active::after {border-top-color: #000000;border-bottom-color: #000000;}<\/style>\t<div class='user-registration ur-frontend-form   ur-multipart-form' id='user-registration-form-10821'>\n\t\t\t\t\t<form method='post' class='register' data-form-id=\"10821\"\n\t\t\t\tdata-enable-strength-password=\"1\" data-minimum-password-strength=\"2\"\n\t\t\t\t\t\t\t\t\t\t\t\t\t\t\t \"enctype=\"multipart\/form-data\"\" data-captcha-enabled=\"1\" action=\"\">\n\n\t\t\t\t<div class=\"user-registration-multi-part-indicator arrow\" data-indicator=\"arrow\" data-current-part=\"1\" data-total=\"2\"><ul class=\"user-registration-multi-part--steps-list\"><li class=\"user-registration-multi-part-indicator-title active\">User data<\/li><li class=\"user-registration-multi-part-indicator-title\">Contact Information<\/li><\/ul><span class=\"user-registration-multi-part-previewer\" data-part-preview-1=\"0\" data-part-preview-2=\"false\" ><\/span><\/div><div class=\"user-registration-part user-registration-part-1\" ><div class=\"ur-form-row\">\t\t\t\t\t\t<div class=\"ur-form-grid ur-grid-1\"\n\t\t\t\t\t\t\tstyle=\"width:48%\">\n\t\t\t\t\t\t\t\t\t\t\t\t\t\t<div  data-field-id=\"billing_first_name\" class=\"ur-field-item field-billing_first_name\" data-ref-id=\"billing_first_name\">\n\t\t\t\t\t\t\t\t\t<div class=\"form-row validate-required\" id=\"billing_first_name_field\" data-priority=\"\" > <span class=\"input-wrapper\"> <input data-rules=\"\" data-id=\"billing_first_name\" type=\"text\" class=\"input-text  without_icon input-text ur-frontend-field\" name=\"billing_first_name\" id=\"billing_first_name\" placeholder=\"First name\"  value=\"\" required=\"required\" data-label=\"First Name\" \/> <\/span> <\/div>\t\t\t\t\t\t\t\t<\/div>\n\t\t\t\t\t\t\t\t\t\t\t\t\t\t<\/div>\n\t\t\t\t\t\t\t\t\t\t\t\t<div class=\"ur-form-grid ur-grid-2\"\n\t\t\t\t\t\t\tstyle=\"width:48%\">\n\t\t\t\t\t\t\t\t\t\t\t\t\t\t<div  data-field-id=\"billing_last_name\" class=\"ur-field-item field-billing_last_name\" data-ref-id=\"billing_last_name\">\n\t\t\t\t\t\t\t\t\t<div class=\"form-row\" id=\"billing_last_name_field\" data-priority=\"\" > <span class=\"input-wrapper\"> <input data-rules=\"\" data-id=\"billing_last_name\" type=\"text\" class=\"input-text  without_icon input-text ur-frontend-field\" name=\"billing_last_name\" id=\"billing_last_name\" placeholder=\"Last Name\"  value=\"\" data-label=\"Last name\" \/> <\/span> <\/div>\t\t\t\t\t\t\t\t<\/div>\n\t\t\t\t\t\t\t\t\t\t\t\t\t\t<\/div>\n\t\t\t\t\t\t\t\t\t\t\t<\/div>\n\t\t\t\t\t<\/div><div class=\"user-registration-part user-registration-part-1\" ><div class=\"ur-form-row\">\t\t\t\t\t\t<div class=\"ur-form-grid ur-grid-1\"\n\t\t\t\t\t\t\tstyle=\"width:99%\">\n\t\t\t\t\t\t\t\t\t\t\t\t\t\t<div  data-field-id=\"user_email\" class=\"ur-field-item field-user_email\" data-ref-id=\"user_email\">\n\t\t\t\t\t\t\t\t\t<div class=\"form-row validate-required\" id=\"user_email_field\" data-priority=\"\" > <span class=\"input-wrapper\"> <input data-rules=\"\" data-id=\"user_email\" type=\"email\" class=\"input-text  without_icon input-email ur-frontend-field\" name=\"user_email\" id=\"user_email\" placeholder=\"User Email\"  value=\"\" required=\"required\" data-label=\"User Email\" \/> <\/span> <\/div>\t\t\t\t\t\t\t\t<\/div>\n\t\t\t\t\t\t\t\t\t\t\t\t\t\t\t\t<div  data-field-id=\"user_pass\" class=\"ur-field-item field-user_pass\" data-ref-id=\"user_pass\">\n\t\t\t\t\t\t\t\t\t<div class=\"form-row validate-required hide_show_password\" id=\"user_pass_field\" data-priority=\"\"> <span class=\"input-wrapper\"> <span class=\"password-input-group input-form-field-icons\"><input data-rules=\"\" data-id=\"user_pass\" type=\"password\" class=\"input-text without_icon input-password ur-frontend-field\" name=\"user_pass\" id=\"user_pass\" placeholder=\"Password\"  value=\"\" required=\"required\" data-label=\"Password\" \/><\/span> <\/span> <\/div>\t\t\t\t\t\t\t\t<\/div>\n\t\t\t\t\t\t\t\t\t\t\t\t\t\t\t\t<div  data-field-id=\"user_confirm_password\" class=\"ur-field-item field-user_confirm_password\" data-ref-id=\"user_confirm_password\">\n\t\t\t\t\t\t\t\t\t<div class=\"form-row validate-required hide_show_password\" id=\"user_confirm_password_field\" data-priority=\"\"> <span class=\"input-wrapper\"> <span class=\"password-input-group input-form-field-icons\"><input data-rules=\"\" data-id=\"user_confirm_password\" type=\"password\" class=\"input-text without_icon input-password ur-frontend-field\" name=\"user_confirm_password\" id=\"user_confirm_password\" placeholder=\"Confirm Password\"  value=\"\" required=\"required\" data-label=\"Confirm Password\" \/><\/span> <\/span> <\/div>\t\t\t\t\t\t\t\t<\/div>\n\t\t\t\t\t\t\t\t\t\t\t\t\t\t<\/div>\n\t\t\t\t\t\t\t\t\t\t\t<\/div>\n\t\t\t\t\t<\/div><div class=\"user-registration-part user-registration-part-2\" style=\"display:none;\"><div class=\"ur-form-row\">\t\t\t\t\t\t<div class=\"ur-form-grid ur-grid-1\"\n\t\t\t\t\t\t\tstyle=\"width:99%\">\n\t\t\t\t\t\t\t\t\t\t\t\t\t\t<div  data-field-id=\"section_title_1717616827\" class=\"ur-field-item field-section_title\" data-ref-id=\"section_title_1717616827\">\n\t\t\t\t\t\t\t\t\t<h3 id=\"section_title_1717616827\">Contact Information<\/h3> <input type=\"hidden\" data-rules=\"\" data-id=\"section_title_1717616827\" value=\"\" class=\"ur-frontend-field\" name=\"section_title_1717616827\" id=\"section_title_1717616827\" \/> \t\t\t\t\t\t\t\t<\/div>\n\t\t\t\t\t\t\t\t\t\t\t\t\t\t\t\t<div  data-field-id=\"input_box_1717615790\" class=\"ur-field-item field-text\" data-ref-id=\"input_box_1717615790\">\n\t\t\t\t\t\t\t\t\t<div class=\"form-row\" id=\"input_box_1717615790_field\" data-priority=\"\" > <span class=\"input-wrapper\"> <input data-rules=\"\" data-id=\"input_box_1717615790\" type=\"text\" class=\"input-text  without_icon input-text ur-frontend-field\" name=\"input_box_1717615790\" id=\"input_box_1717615790\" placeholder=\"Fiscal code\"  value=\"\" data-label=\"Fiscal code\" \/> <\/span> <\/div>\t\t\t\t\t\t\t\t<\/div>\n\t\t\t\t\t\t\t\t\t\t\t\t\t\t\t\t<div  data-field-id=\"billing_phone\" class=\"ur-field-item field-billing_phone\" data-ref-id=\"billing_phone\">\n\t\t\t\t\t\t\t\t\t<div class=\"form-row\" id=\"billing_phone\" data-priority=\"\"> <input data-rules=\"\" data-inputmask=\"'mask':''\" data-id=\"billing_phone\" type=\"text\" value=\"\" class=\"ur-frontend-field  ur-masked-input\" name=\"billing_phone\" id=\"billing_phone\" data-label=\"Phone\"\/> <\/div>\t\t\t\t\t\t\t\t<\/div>\n\t\t\t\t\t\t\t\t\t\t\t\t\t\t\t\t<div  data-field-id=\"input_fax\" class=\"ur-field-item field-text\" data-ref-id=\"input_fax\">\n\t\t\t\t\t\t\t\t\t<div class=\"form-row\" id=\"input_fax_field\" data-priority=\"\" > <span class=\"input-wrapper\"> <input data-rules=\"\" data-id=\"input_fax\" type=\"text\" class=\"input-text  without_icon input-text ur-frontend-field\" name=\"input_fax\" id=\"input_fax\" placeholder=\"Fax\"  value=\"\" data-label=\"Fax\" \/> <\/span> <\/div>\t\t\t\t\t\t\t\t<\/div>\n\t\t\t\t\t\t\t\t\t\t\t\t\t\t\t\t<div  data-field-id=\"section_title_1717616773\" class=\"ur-field-item field-section_title\" data-ref-id=\"section_title_1717616773\">\n\t\t\t\t\t\t\t\t\t<h3 id=\"section_title_1717616773\">Adresse<\/h3> <input type=\"hidden\" data-rules=\"\" data-id=\"section_title_1717616773\" value=\"\" class=\"ur-frontend-field\" name=\"section_title_1717616773\" id=\"section_title_1717616773\" \/> \t\t\t\t\t\t\t\t<\/div>\n\t\t\t\t\t\t\t\t\t\t\t\t\t\t\t\t<div  data-field-id=\"billing_company\" class=\"ur-field-item field-billing_company\" data-ref-id=\"billing_company\">\n\t\t\t\t\t\t\t\t\t<div class=\"form-row\" id=\"billing_company_field\" data-priority=\"\" > <span class=\"input-wrapper\"> <input data-rules=\"\" data-id=\"billing_company\" type=\"text\" class=\"input-text  without_icon input-text ur-frontend-field\" name=\"billing_company\" id=\"billing_company\" placeholder=\"Company\"  value=\"\" data-label=\"Company\" \/> <\/span> <\/div>\t\t\t\t\t\t\t\t<\/div>\n\t\t\t\t\t\t\t\t\t\t\t\t\t\t\t\t<div  data-field-id=\"billing_address_1\" class=\"ur-field-item field-billing_address_1\" data-ref-id=\"billing_address_1\">\n\t\t\t\t\t\t\t\t\t<div class=\"form-row\" id=\"billing_address_1_field\" data-priority=\"\" > <span class=\"input-wrapper\"> <input data-rules=\"\" data-id=\"billing_address_1\" type=\"text\" class=\"input-text  without_icon input-text ur-frontend-field\" name=\"billing_address_1\" id=\"billing_address_1\" placeholder=\"Adresse\"  value=\"\" data-label=\"Address\" \/> <\/span> <\/div>\t\t\t\t\t\t\t\t<\/div>\n\t\t\t\t\t\t\t\t\t\t\t\t\t\t\t\t<div  data-field-id=\"billing_postcode\" class=\"ur-field-item field-billing_postcode\" data-ref-id=\"billing_postcode\">\n\t\t\t\t\t\t\t\t\t<div class=\"form-row\" id=\"billing_postcode_field\" data-priority=\"\" > <span class=\"input-wrapper\"> <input data-rules=\"\" data-id=\"billing_postcode\" type=\"text\" class=\"input-text  without_icon input-text ur-frontend-field\" name=\"billing_postcode\" id=\"billing_postcode\" placeholder=\"Post code\"  value=\"\" data-label=\"Post code\" \/> <\/span> <\/div>\t\t\t\t\t\t\t\t<\/div>\n\t\t\t\t\t\t\t\t\t\t\t\t\t\t\t\t<div  data-field-id=\"billing_city\" class=\"ur-field-item field-billing_city\" data-ref-id=\"billing_city\">\n\t\t\t\t\t\t\t\t\t<div class=\"form-row\" id=\"billing_city_field\" data-priority=\"\" > <span class=\"input-wrapper\"> <input data-rules=\"\" data-id=\"billing_city\" type=\"text\" class=\"input-text  without_icon input-text ur-frontend-field\" name=\"billing_city\" id=\"billing_city\" placeholder=\"City\"  value=\"\" data-label=\"City\" \/> <\/span> <\/div>\t\t\t\t\t\t\t\t<\/div>\n\t\t\t\t\t\t\t\t\t\t\t\t\t\t\t\t<div  data-field-id=\"billing_country\" class=\"ur-field-item field-billing_country\" data-ref-id=\"billing_country\">\n\t\t\t\t\t\t\t\t\t<div class=\"form-row\" id=\"billing_country_field\" data-priority=\"\" ><select data-rules=\"\" data-id=\"billing_country\" name=\"billing_country\" id=\"billing_country\" class=\"select ur-frontend-field\" data-label=\"Country\" data-default=\"AF\" data-allow_clear=\"true\" data-placeholder=\"\">\n\t\t\t\t\t\t\t<option value=\"AF\"  selected='selected'>Afghanistan<\/option><option value=\"AX\" >&#197;\u00eeles terrestres<\/option><option value=\"AL\" >Albanie<\/option><option value=\"DZ\" >Alg\u00e9rie<\/option><option value=\"AS\" >Samoa am\u00e9ricaines<\/option><option value=\"AD\" >Andorre<\/option><option value=\"AO\" >Angola<\/option><option value=\"AI\" >Anguilla<\/option><option value=\"AQ\" >Antarctique<\/option><option value=\"AG\" >Antigua et Barbuda<\/option><option value=\"AR\" >Argentine<\/option><option value=\"AM\" >Arm\u00e9nie<\/option><option value=\"AW\" >Aruba<\/option><option value=\"AU\" >Australie<\/option><option value=\"AT\" >Autriche<\/option><option value=\"AZ\" >Azerba\u00efdjan<\/option><option value=\"BS\" >Bahamas<\/option><option value=\"BH\" >Bahre\u00efn<\/option><option value=\"BD\" >Bangladesh<\/option><option value=\"BB\" >Barbade<\/option><option value=\"BY\" >B\u00e9larus<\/option><option value=\"BE\" >Belgique<\/option><option value=\"PW\" >Belau<\/option><option value=\"BZ\" >Belize<\/option><option value=\"BJ\" >B\u00e9nin<\/option><option value=\"BM\" >Bermudes<\/option><option value=\"BT\" >Bhoutan<\/option><option value=\"BO\" >Bolivie<\/option><option value=\"BQ\" >Bonaire, Saint-Eustache et Saba<\/option><option value=\"BA\" >Bosnie et Herz\u00e9govine<\/option><option value=\"BW\" >Botswana<\/option><option value=\"BV\" >\u00cele Bouvet<\/option><option value=\"BR\" >Br\u00e9sil<\/option><option value=\"IO\" >Territoire britannique de l&#039;oc\u00e9an Indien<\/option><option value=\"VG\" >\u00celes Vierges britanniques<\/option><option value=\"BN\" >Brun\u00e9i<\/option><option value=\"BG\" >Bulgarie<\/option><option value=\"BF\" >Burkina Faso<\/option><option value=\"BI\" >Burundi<\/option><option value=\"KH\" >Cambodge<\/option><option value=\"CM\" >Cameroun<\/option><option value=\"CA\" >Canada<\/option><option value=\"CV\" >Cap Vert<\/option><option value=\"KY\" >\u00celes Ca\u00efmans<\/option><option value=\"CF\" >R\u00e9publique centrafricaine<\/option><option value=\"TD\" >Tchad<\/option><option value=\"CL\" >Chili<\/option><option value=\"CN\" >Chine<\/option><option value=\"CX\" >L&#039;\u00eele de No\u00ebl<\/option><option value=\"CC\" >\u00celes Cocos (Keeling)<\/option><option value=\"CO\" >Colombie<\/option><option value=\"KM\" >Comores<\/option><option value=\"CG\" >Congo (Brazzaville)<\/option><option value=\"CD\" >Congo (Kinshasa)<\/option><option value=\"CK\" >\u00celes Cook<\/option><option value=\"CR\" >Costa Rica<\/option><option value=\"HR\" >Croatie<\/option><option value=\"CU\" >Cuba<\/option><option value=\"CW\" >Cura&ccedil;ao<\/option><option value=\"CY\" >Chypre<\/option><option value=\"CZ\" >R\u00e9publique tch\u00e8que<\/option><option value=\"DK\" >Danemark<\/option><option value=\"DJ\" >Djibouti<\/option><option value=\"DM\" >Dominique<\/option><option value=\"DO\" >R\u00e9publique dominicaine<\/option><option value=\"EC\" >\u00c9quateur<\/option><option value=\"EG\" >\u00c9gypte<\/option><option value=\"SV\" >El Salvador<\/option><option value=\"GQ\" >Guin\u00e9e \u00e9quatoriale<\/option><option value=\"ER\" >Erythr\u00e9e<\/option><option value=\"EE\" >Estonie<\/option><option value=\"ET\" >\u00c9thiopie<\/option><option value=\"FK\" >\u00celes Malouines<\/option><option value=\"FO\" >\u00celes F\u00e9ro\u00e9<\/option><option value=\"FJ\" >Fidji<\/option><option value=\"FI\" >Finlande<\/option><option value=\"FR\" >France<\/option><option value=\"GF\" >Guyane fran\u00e7aise<\/option><option value=\"PF\" >Polyn\u00e9sie fran\u00e7aise<\/option><option value=\"TF\" >Terres australes fran\u00e7aises<\/option><option value=\"GA\" >Gabon<\/option><option value=\"GM\" >Gambie<\/option><option value=\"GE\" >G\u00e9orgie<\/option><option value=\"DE\" >Allemagne<\/option><option value=\"GH\" >Ghana<\/option><option value=\"GI\" >Gibraltar<\/option><option value=\"GR\" >Gr\u00e8ce<\/option><option value=\"GL\" >Groenland<\/option><option value=\"GD\" >Grenade<\/option><option value=\"GP\" >Guadeloupe<\/option><option value=\"GU\" >Guam<\/option><option value=\"GT\" >Guatemala<\/option><option value=\"GG\" >Guernesey<\/option><option value=\"GN\" >Guin\u00e9e<\/option><option value=\"GW\" >Guin\u00e9e-Bissau<\/option><option value=\"GY\" >Guyane<\/option><option value=\"HT\" >Ha\u00efti<\/option><option value=\"HM\" >\u00cele Heard et \u00eeles McDonald<\/option><option value=\"HN\" >Honduras<\/option><option value=\"HK\" >Hong Kong<\/option><option value=\"HU\" >Hongrie<\/option><option value=\"IS\" >Islande<\/option><option value=\"IN\" >Inde<\/option><option value=\"ID\" >Indon\u00e9sie<\/option><option value=\"IR\" >L&#039;Iran<\/option><option value=\"IQ\" >L&#039;Irak<\/option><option value=\"IE\" >Irlande<\/option><option value=\"IM\" >\u00cele de Man<\/option><option value=\"IL\" >Isra\u00ebl<\/option><option value=\"IT\" >Italie<\/option><option value=\"CI\" >C\u00f4te d&#039;Ivoire<\/option><option value=\"JM\" >Jama\u00efque<\/option><option value=\"JP\" >Japon<\/option><option value=\"JE\" >Jersey<\/option><option value=\"JO\" >Jordanie<\/option><option value=\"KZ\" >Kazakhstan<\/option><option value=\"KE\" >Kenya<\/option><option value=\"KI\" >Kiribati<\/option><option value=\"KW\" >Kowe\u00eft<\/option><option value=\"KG\" >Kirghizistan<\/option><option value=\"LA\" >Laos<\/option><option value=\"LV\" >Lettonie<\/option><option value=\"LB\" >Liban<\/option><option value=\"LS\" >Lesotho<\/option><option value=\"LR\" >Lib\u00e9ria<\/option><option value=\"LY\" >Libye<\/option><option value=\"LI\" >Liechtenstein<\/option><option value=\"LT\" >Lituanie<\/option><option value=\"LU\" >Luxembourg<\/option><option value=\"MO\" >Macao S.A.R., Chine<\/option><option value=\"MK\" >Mac\u00e9doine<\/option><option value=\"MG\" >Madagascar<\/option><option value=\"MW\" >Malawi<\/option><option value=\"MY\" >Malaisie<\/option><option value=\"MV\" >Maldives<\/option><option value=\"ML\" >Mali<\/option><option value=\"MT\" >Malte<\/option><option value=\"MH\" >\u00celes Marshall<\/option><option value=\"MQ\" >Martinique<\/option><option value=\"MR\" >Mauritanie<\/option><option value=\"MU\" >Maurice<\/option><option value=\"YT\" >Mayotte<\/option><option value=\"MX\" >Mexique<\/option><option value=\"FM\" >Micron\u00e9sie<\/option><option value=\"MD\" >Moldavie<\/option><option value=\"MC\" >Monaco<\/option><option value=\"MN\" >Mongolie<\/option><option value=\"ME\" >Mont\u00e9n\u00e9gro<\/option><option value=\"MS\" >Montserrat<\/option><option value=\"MA\" >Maroc<\/option><option value=\"MZ\" >Mozambique<\/option><option value=\"MM\" >Myanmar<\/option><option value=\"NA\" >Namibie<\/option><option value=\"NR\" >Nauru<\/option><option value=\"NP\" >N\u00e9pal<\/option><option value=\"NL\" >Pays-Bas<\/option><option value=\"NC\" >Nouvelle-Cal\u00e9donie<\/option><option value=\"NZ\" >Nouvelle-Z\u00e9lande<\/option><option value=\"NI\" >Nicaragua<\/option><option value=\"NE\" >Niger<\/option><option value=\"NG\" >Nig\u00e9ria<\/option><option value=\"NU\" >Niou\u00e9<\/option><option value=\"NF\" >\u00cele Norfolk<\/option><option value=\"MP\" >Mariannes du Nord (\u00celes)<\/option><option value=\"KP\" >Cor\u00e9e du Nord<\/option><option value=\"NO\" >Norv\u00e8ge<\/option><option value=\"OM\" >Oman<\/option><option value=\"PK\" >Pakistan<\/option><option value=\"PS\" >Territoire palestinien<\/option><option value=\"PA\" >Panama<\/option><option value=\"PG\" >Papouasie-Nouvelle-Guin\u00e9e<\/option><option value=\"PY\" >Paraguay<\/option><option value=\"PE\" >P\u00e9rou<\/option><option value=\"PH\" >Philippines<\/option><option value=\"PN\" >Pitcairn<\/option><option value=\"PL\" >Pologne<\/option><option value=\"PT\" >Portugal<\/option><option value=\"PR\" >Porto Rico<\/option><option value=\"QA\" >Qatar<\/option><option value=\"RE\" >R\u00e9union<\/option><option value=\"RO\" >Roumanie<\/option><option value=\"RU\" >Russie<\/option><option value=\"RW\" >Rwanda<\/option><option value=\"BL\" >Saint Barth&eacute;lemy<\/option><option value=\"SH\" >Sainte-H\u00e9l\u00e8ne<\/option><option value=\"KN\" >Saint-Kitts-et-Nevis<\/option><option value=\"LC\" >Sainte-Lucie<\/option><option value=\"MF\" >Saint Martin (partie fran\u00e7aise)<\/option><option value=\"SX\" >Saint Martin (partie n\u00e9erlandaise)<\/option><option value=\"PM\" >Saint-Pierre et Miquelon<\/option><option value=\"VC\" >Saint-Vincent-et-les-Grenadines<\/option><option value=\"SM\" >Saint-Marin<\/option><option value=\"ST\" >S&atilde;o Tom&amp;eacute ; et Pr&iacute;ncipe<\/option><option value=\"SA\" >Arabie Saoudite<\/option><option value=\"SN\" >S\u00e9n\u00e9gal<\/option><option value=\"RS\" >Serbie<\/option><option value=\"SC\" >Seychelles<\/option><option value=\"SL\" >Sierra Leone<\/option><option value=\"SG\" >Singapour<\/option><option value=\"SK\" >Slovaquie<\/option><option value=\"SI\" >Slov\u00e9nie<\/option><option value=\"SB\" >\u00celes Salomon<\/option><option value=\"SO\" >Somalie<\/option><option value=\"ZA\" >Afrique du Sud<\/option><option value=\"GS\" >G\u00e9orgie du Sud\/\u00eeles Sandwich<\/option><option value=\"KR\" >Cor\u00e9e du Sud<\/option><option value=\"SS\" >Sud Soudan<\/option><option value=\"ES\" >Espagne<\/option><option value=\"LK\" >Sri Lanka<\/option><option value=\"SD\" >Soudan<\/option><option value=\"SR\" >Suriname<\/option><option value=\"SJ\" >Svalbard et Jan Mayen<\/option><option value=\"SZ\" >Swaziland<\/option><option value=\"SE\" >Su\u00e8de<\/option><option value=\"CH\" >Suisse<\/option><option value=\"SY\" >Syrie<\/option><option value=\"TW\" >Ta\u00efwan<\/option><option value=\"TJ\" >Tadjikistan<\/option><option value=\"TZ\" >Tanzanie<\/option><option value=\"TH\" >Tha\u00eflande<\/option><option value=\"TL\" >Timor-Leste<\/option><option value=\"TG\" >Togo<\/option><option value=\"TK\" >Tokelau<\/option><option value=\"TO\" >Tonga<\/option><option value=\"TT\" >Trinit\u00e9-et-Tobago<\/option><option value=\"TN\" >Tunisie<\/option><option value=\"TR\" >Turquie<\/option><option value=\"TM\" >Turkm\u00e9nistan<\/option><option value=\"TC\" >\u00celes Turks et Caicos<\/option><option value=\"TV\" >Tuvalu<\/option><option value=\"UG\" >Ouganda<\/option><option value=\"UA\" >Ukraine<\/option><option value=\"AE\" >\u00c9mirats arabes unis<\/option><option value=\"GB\" >Royaume-Uni (UK)<\/option><option value=\"US\" >\u00c9tats-Unis (US)<\/option><option value=\"UM\" >\u00c9tats-Unis (US) \u00celes mineures \u00e9loign\u00e9es<\/option><option value=\"VI\" >\u00c9tats-Unis (US) \u00celes Vierges<\/option><option value=\"UY\" >Uruguay<\/option><option value=\"UZ\" >Ouzb\u00e9kistan<\/option><option value=\"VU\" >Vanuatu<\/option><option value=\"VA\" >Vatican<\/option><option value=\"VE\" >Venezuela<\/option><option value=\"VN\" >Vi\u00eat Nam<\/option><option value=\"WF\" >Wallis et Futuna<\/option><option value=\"EH\" >Sahara occidental<\/option><option value=\"WS\" >Samoa<\/option><option value=\"YE\" >Y\u00e9men<\/option><option value=\"ZM\" >Zambie<\/option><option value=\"ZW\" >Zimbabwe<\/option>\n\t\t\t\t\t\t<\/select><\/div>\t\t\t\t\t\t\t\t<\/div>\n\t\t\t\t\t\t\t\t\t\t\t\t\t\t\t\t<div  data-field-id=\"billing_state\" class=\"ur-field-item field-billing_state\" data-ref-id=\"billing_state\">\n\t\t\t\t\t\t\t\t\t<div class=\"form-row\" id=\"billing_state_field\" data-priority=\"\" > <span class=\"input-wrapper\"> <input data-rules=\"\" data-id=\"billing_state\" type=\"text\" class=\"input-text  without_icon input-text ur-frontend-field\" name=\"billing_state\" id=\"billing_state\" placeholder=\"Region \/ state\"  value=\"\" data-label=\"Region \/ state\" \/> <\/span> <\/div>\t\t\t\t\t\t\t\t<\/div>\n\t\t\t\t\t\t\t\t\t\t\t\t\t\t\t\t<div  data-field-id=\"section_title_1717617491\" class=\"ur-field-item field-section_title\" data-ref-id=\"section_title_1717617491\">\n\t\t\t\t\t\t\t\t\t<h3 id=\"section_title_1717617491\">Newsletter<\/h3> <input type=\"hidden\" data-rules=\"\" data-id=\"section_title_1717617491\" value=\"\" class=\"ur-frontend-field\" name=\"section_title_1717617491\" id=\"section_title_1717617491\" \/> \t\t\t\t\t\t\t\t<\/div>\n\t\t\t\t\t\t\t\t\t\t\t\t\t\t\t\t<div  data-field-id=\"check_box_1717617683\" class=\"ur-field-item field-checkbox\" data-ref-id=\"check_box_1717617683\">\n\t\t\t\t\t\t\t\t\t<div class=\"form-row\" id=\"check_box_1717617683_field\" data-priority=\"\" ><label class=\"ur-label\" data-label=\"Iscrizione newsletter\"><\/label><ul ><li class=\"ur-checkbox-list\"><input data-rules=\"\" data-id=\"check_box_1717617683[]\" data-label=\"Iscrizione newsletter\" data-value=\"Yes\" type=\"checkbox\" class=\"input-checkbox ur-frontend-field\" name=\"check_box_1717617683[]\" id=\"check_box_1717617683_Yes\" value=\"Yes\" \/><label class=\"ur-checkbox-label\" for=\"check_box_1717617683_Yes\">Yes<\/label> <\/li><li class=\"ur-checkbox-list\"><input data-rules=\"\" data-id=\"check_box_1717617683[]\" data-label=\"Iscrizione newsletter\" data-value=\"No\" type=\"checkbox\" class=\"input-checkbox ur-frontend-field\" name=\"check_box_1717617683[]\" id=\"check_box_1717617683_No\" value=\"No\" \/><label class=\"ur-checkbox-label\" for=\"check_box_1717617683_No\">No<\/label> <\/li><\/ul><\/div>\t\t\t\t\t\t\t\t<\/div>\n\t\t\t\t\t\t\t\t\t\t\t\t\t\t<\/div>\n\t\t\t\t\t\t\t\t\t\t\t<\/div>\n\t\t\t\t\t<\/div>\t\t\t\t\t\t<div id=\"ur-recaptcha-node\"> <div id=\"node_recaptcha_register\" class=\"g-recaptcha-v3\" style=\"display:none\"><textarea id=\"g-recaptcha-response\" name=\"g-recaptcha-response\" ><\/textarea><\/div><\/div>\t\t\t\t\t\t<div class=\"ur-button-container split\" >\n\t\t\t\t\t\t\t<button class=\"user-registration-multi-part-nav user-registration-multi-part-nav-prev btn button\" data-action=\"prev\"  data-label-part-1=\"Previous\" data-label-part-2=\"Previous\" style=\"display:none\">Previous<\/button><button class=\"user-registration-multi-part-nav user-registration-multi-part-nav-next btn button\" data-action=\"next\"  data-label-part-1=\"Continue\" data-label-part-2=\"Next\">Continue<\/button>\t\t\t\t\t\t\t<button type=\"submit\" class=\"btn button ur-submit-button ur-hidden\" conditional_rules=\"&quot;&quot;\">\n\t\t\t\t\t\t\t\t<span><\/span>\n\t\t\t\t\t\t\t\tSubmit\t\t\t\t\t\t\t<\/button>\n\t\t\t\t\t\t\t\t\t\t\t\t\t\t\t\t\t\t\t\t<\/div>\n\t\t\t\t\t\t\n\t\t\t\t<div style=\"clear:both\"><\/div>\n\t\t\t\t\t\t\t\t<input type=\"hidden\" name=\"ur-registration-language\" value=\"\"\/>\n\t\t\t\t<input type=\"hidden\" name=\"ur-user-form-id\" value=\"10821\"\/>\n\t\t\t\t<input type=\"hidden\" name=\"ur-redirect-url\" value=\"https:\/\/out-of.com\/fr\/my-account\/\"\/>\n\t\t\t\t<input type=\"hidden\" id=\"ur_frontend_form_nonce\" name=\"ur_frontend_form_nonce\" value=\"a19d6e2e30\" \/>\n\t\t\t\t\t\t\t<input type=\"hidden\" name=\"trp-form-language\" value=\"fr\"\/><\/form>\n\t\t\t\n\t\t<div style=\"clear:both\"><\/div>\n\t<\/div>","protected":false},"excerpt":{"rendered":"","protected":false},"author":4,"featured_media":0,"parent":0,"menu_order":0,"comment_status":"closed","ping_status":"closed","template":"","meta":{"footnotes":""},"class_list":["post-12226","page","type-page","status-publish","hentry"],"acf":[],"_links":{"self":[{"href":"https:\/\/out-of.com\/fr\/wp-json\/wp\/v2\/pages\/12226","targetHints":{"allow":["GET"]}}],"collection":[{"href":"https:\/\/out-of.com\/fr\/wp-json\/wp\/v2\/pages"}],"about":[{"href":"https:\/\/out-of.com\/fr\/wp-json\/wp\/v2\/types\/page"}],"author":[{"embeddable":true,"href":"https:\/\/out-of.com\/fr\/wp-json\/wp\/v2\/users\/4"}],"replies":[{"embeddable":true,"href":"https:\/\/out-of.com\/fr\/wp-json\/wp\/v2\/comments?post=12226"}],"version-history":[{"count":0,"href":"https:\/\/out-of.com\/fr\/wp-json\/wp\/v2\/pages\/12226\/revisions"}],"wp:attachment":[{"href":"https:\/\/out-of.com\/fr\/wp-json\/wp\/v2\/media?parent=12226"}],"curies":[{"name":"wp","href":"https:\/\/api.w.org\/{rel}","templated":true}]}}