{"id":126689,"date":"2025-08-06T15:25:58","date_gmt":"2025-08-06T13:25:58","guid":{"rendered":"https:\/\/out-of.com\/?post_type=product&#038;p=126689"},"modified":"2026-04-03T13:19:08","modified_gmt":"2026-04-03T11:19:08","slug":"piuma-fishing","status":"publish","type":"product","link":"https:\/\/out-of.com\/fr\/product\/piuma-fishing\/","title":{"rendered":"Piuma fishing"},"content":{"rendered":"<p>Les lunettes de soleil les plus l\u00e9g\u00e8res au monde dans leur cat\u00e9gorie avec un poids de 16,1 grammes.<\/p>","protected":false},"excerpt":{"rendered":"<p>Les lunettes de soleil les plus l\u00e9g\u00e8res au monde dans leur cat\u00e9gorie avec un poids de 16,1 grammes.<\/p>","protected":false},"featured_media":127757,"template":"","meta":[],"product_brand":[],"product_cat":[34,30],"product_tag":[],"class_list":{"0":"product-swiper-slide","1":"post-126689","2":"product","3":"type-product","4":"status-publish","5":"has-post-thumbnail","7":"product_cat-fishing","8":"product_cat-sport","10":"first","11":"instock","12":"taxable","13":"shipping-taxable","14":"purchasable","15":"product-type-variable","16":"has-default-attributes"},"acf":[],"_links":{"self":[{"href":"https:\/\/out-of.com\/fr\/wp-json\/wp\/v2\/product\/126689","targetHints":{"allow":["GET"]}}],"collection":[{"href":"https:\/\/out-of.com\/fr\/wp-json\/wp\/v2\/product"}],"about":[{"href":"https:\/\/out-of.com\/fr\/wp-json\/wp\/v2\/types\/product"}],"wp:featuredmedia":[{"embeddable":true,"href":"https:\/\/out-of.com\/fr\/wp-json\/wp\/v2\/media\/127757"}],"wp:attachment":[{"href":"https:\/\/out-of.com\/fr\/wp-json\/wp\/v2\/media?parent=126689"}],"wp:term":[{"taxonomy":"product_brand","embeddable":true,"href":"https:\/\/out-of.com\/fr\/wp-json\/wp\/v2\/product_brand?post=126689"},{"taxonomy":"product_cat","embeddable":true,"href":"https:\/\/out-of.com\/fr\/wp-json\/wp\/v2\/product_cat?post=126689"},{"taxonomy":"product_tag","embeddable":true,"href":"https:\/\/out-of.com\/fr\/wp-json\/wp\/v2\/product_tag?post=126689"}],"curies":[{"name":"wp","href":"https:\/\/api.w.org\/{rel}","templated":true}]}}