{"id":144299,"date":"2025-10-20T10:48:49","date_gmt":"2025-10-20T08:48:49","guid":{"rendered":"https:\/\/out-of.com\/?post_type=product&#038;p=144299"},"modified":"2026-03-24T09:44:55","modified_gmt":"2026-03-24T07:44:55","slug":"electra-3","status":"publish","type":"product","link":"https:\/\/out-of.com\/fr\/product\/electra-3\/","title":{"rendered":"Electra 3"},"content":{"rendered":"<p>La troisi\u00e8me g\u00e9n\u00e9ration de lunettes de ski motoris\u00e9es IRID\u00ae : capable d'adapter sa teinte \u00e0 la lumi\u00e8re en moins d'une seconde<br \/>\n<span style=\"text-decoration: underline;\"><br \/>\n<\/br>Verres bleus : Ils renforcent le contraste et d\u00e9finissent chaque d\u00e9tail du terrain, vous donnant une lecture imm\u00e9diate de la neige dans toutes les conditions.<br \/>\n<\/span><\/p>","protected":false},"excerpt":{"rendered":"<p>La troisi\u00e8me g\u00e9n\u00e9ration de lunettes de ski motoris\u00e9es IRID\u00ae : capable d'adapter sa teinte \u00e0 la lumi\u00e8re en moins d'une seconde<br \/>\n<span style=\"text-decoration: underline;\"><br \/>\n<\/br>Verres bleus : Ils renforcent le contraste et d\u00e9finissent chaque d\u00e9tail du terrain, vous donnant une lecture imm\u00e9diate de la neige dans toutes les conditions.<br \/>\n<\/span><\/p>","protected":false},"featured_media":144309,"template":"","meta":[],"product_brand":[],"product_cat":[28,136,31,30],"product_tag":[],"class_list":{"0":"product-swiper-slide","1":"post-144299","2":"product","3":"type-product","4":"status-publish","5":"has-post-thumbnail","7":"product_cat-goggles","8":"product_cat-electronic-lenses-en","9":"product_cat-ski-and-snowboard","10":"product_cat-sport","12":"first","13":"instock","14":"taxable","15":"shipping-taxable","16":"purchasable","17":"product-type-variable","18":"has-default-attributes"},"acf":[],"_links":{"self":[{"href":"https:\/\/out-of.com\/fr\/wp-json\/wp\/v2\/product\/144299","targetHints":{"allow":["GET"]}}],"collection":[{"href":"https:\/\/out-of.com\/fr\/wp-json\/wp\/v2\/product"}],"about":[{"href":"https:\/\/out-of.com\/fr\/wp-json\/wp\/v2\/types\/product"}],"wp:featuredmedia":[{"embeddable":true,"href":"https:\/\/out-of.com\/fr\/wp-json\/wp\/v2\/media\/144309"}],"wp:attachment":[{"href":"https:\/\/out-of.com\/fr\/wp-json\/wp\/v2\/media?parent=144299"}],"wp:term":[{"taxonomy":"product_brand","embeddable":true,"href":"https:\/\/out-of.com\/fr\/wp-json\/wp\/v2\/product_brand?post=144299"},{"taxonomy":"product_cat","embeddable":true,"href":"https:\/\/out-of.com\/fr\/wp-json\/wp\/v2\/product_cat?post=144299"},{"taxonomy":"product_tag","embeddable":true,"href":"https:\/\/out-of.com\/fr\/wp-json\/wp\/v2\/product_tag?post=144299"}],"curies":[{"name":"wp","href":"https:\/\/api.w.org\/{rel}","templated":true}]}}